{"id":2471,"date":"2014-09-25T08:29:06","date_gmt":"2014-09-25T08:29:06","guid":{"rendered":"http:\/\/www.brandexponents.com\/oshin\/v3\/?page_id=2471"},"modified":"2023-06-21T21:31:28","modified_gmt":"2023-06-21T21:31:28","slug":"portfolio","status":"publish","type":"page","link":"https:\/\/www.granima.cz\/","title":{"rendered":"Work-Home-v6"},"content":{"rendered":"<div  class=\"tatsu-fqox8cn7hy6erpfj tatsu-section    tatsu-clearfix\" data-title=\"\"  data-headerscheme=\"background--light\"><div class='tatsu-section-pad clearfix' data-padding='{\"d\":\"40px 0% 0px 0%\"}' data-padding-top='40px'><div class=\"tatsu-row-wrap  tatsu-row-full-width tatsu-row-one-col tatsu-row-has-one-cols tatsu-medium-gutter tatsu-reg-cols  tatsu-clearfix tatsu-fqox8cn7iq1hy2w1\" ><div  class=\"tatsu-row \" ><div  class=\"tatsu-column  tatsu-column-no-bg tatsu-one-col tatsu-column-image-none tatsu-column-effect-none  tatsu-fqox8cn7j29ovd6r\"  data-parallax-speed=\"0\" style=\"\"><div class=\"tatsu-column-inner \" ><div class=\"tatsu-column-pad-wrap\"><div class=\"tatsu-column-pad\" ><div  class=\"tatsu-module tatsu-text-block-wrap tatsu-Hy4Aqk-uh  \"><div class=\"tatsu-text-inner tatsu-align-center  clearfix\" ><style>.tatsu-Hy4Aqk-uh.tatsu-text-block-wrap .tatsu-text-inner{width: 100%;text-align: left;}<\/style>\n<p style=\"text-align: center;\"><span style=\"color: #ff0000;\"><strong>Str\u00e1nky jsou aktu\u00e1ln\u011b v procesu rekonstrukce a jejich obsah neni zcela kompletn\u011b do\u0159e\u0161en k obrazu reality.<\/strong> <br \/>Omlouv\u00e1m se za p\u0159\u00edp\u00e1dn\u011b nedorozumn\u011bn\u00ed<\/span><\/p>\n<p style=\"text-align: center;\">Tarkan Begzadi, Granima<\/p>\n<\/div><\/div><div  class = \"portfolio-all-wrap oshine-portfolio-module tatsu-fqox8cn7jn3h3whu\"  > <style>.tatsu-fqox8cn7jn3h3whu{padding: 80px 5% 0px 5%;}<\/style><div class=\"portfolio portfolio-delay-load full-screen  portfolio-lazy-load full-screen-gutter masonry_enable style2-gutter four-col \" data-animation = \"fadeInUp\" data-action=\"get_ajax_full_screen_gutter_portfolio\" data-category=\"\" data-aspect-ratio = \"1\" data-enable-masonry=\"1\" data-maintain-order = \"1\" data-showposts=\"-1\" data-paged=\"2\" data-col=\"four\" data-gallery=\"0\" data-filter=\"portfolio_categories\" data-meta_to_show=\"portfolio_categories\" data-show_filters=\"yes\" data-thumbnail-bg-color=\"\" data-thumbnail-bg-gradient=\"background:rgba(255,255,255,0.8)\" data-title-style=\"style6\" data-placeholder-color=\"rgba(144,19,254,1)\" data-cat-color=\"#757575\" data-title-color=\"#000000\" data-title-animation-type=\"flipInY\" data-cat-animation-type=\"flipInY\"  data-gutter-width=\"30\" data-img-grayscale=\"c_to_c\" data-image-effect=\"zoom-in\"\" data-gradient-style-color=\"background:rgba(255,255,255,0.8)\" data-cat-hide=\"0\" data-like-indicator=\"0\" style=\"margin-left: -30px;\"><div class=\"filters clearfix single_border align-left\" style=\"margin-left:30px;\"><div class=\"filter_item\"><span class=\"sort current_choice\" data-id=\"element\">All<\/span><\/div><div class=\"filter_item\"><span class=\"sort\" data-id=\"3d\">3D<\/span><\/div><div class=\"filter_item\"><span class=\"sort\" data-id=\"animace\">Animace<\/span><\/div><div class=\"filter_item\"><span class=\"sort\" data-id=\"hudba\">Hudba<\/span><\/div><div class=\"filter_item\"><span class=\"sort\" data-id=\"postprodukce\">Postprodukce<\/span><\/div><div class=\"filter_item\"><span class=\"sort\" data-id=\"reklama\">Reklama<\/span><\/div><div class=\"filter_item\"><span class=\"sort\" data-id=\"tisk\">Tisk<\/span><\/div><div class=\"filter_item\"><span class=\"sort\" data-id=\"video\">Video<\/span><\/div><\/div><div class=\"portfolio-container clickable clearfix portfolio-shortcode  init-slide-bottom \"><div class=\"element be-hoverlay not-wide no-wide-width-height  c_to_c style6-title\"style=\"margin-bottom: 30px;\" data-category-names = \"3d tisk \"><div class=\"element-inner\" style=\"margin-left: 30px;\"><a href=\"https:\/\/www.granima.cz\/?portfolio=orca-forest\" class=\" thumb-wrap   \" data-gdpr-atts={} title=\"\" ><div class=\"flip-wrap\" ><div data-aspect-ratio=\"1\"  style = \"padding-bottom : 100%;background-color:rgba(144,19,254,1);\" class=\"flip-img-wrap zoom-in-effect\"><img decoding=\"async\" src=\"https:\/\/www.granima.cz\/wp-content\/uploads\/2014\/11\/THUMB_ORCAFOREST-650x650.png\" alt=\"\"\/><\/div><\/div><div class=\"thumb-overlay \"><div class=\"thumb-bg \" style=\"background:rgba(255,255,255,0.8)\"><div class=\"thumb-title-wrap \"><div class=\"thumb-title \" data-animation-type=\"flipInY\"style=\"color:#000000;text-align: center;\">Orca Forest<\/div><div class=\"portfolio-item-cats \" data-animation-type=\"flipInY\"style=\"color:#757575;text-align: center;\"><span>3D<\/span><span> &middot; <\/span><span>Tisk<\/span><\/div><\/div><\/div><\/div><\/a><div class=\"portfolio-like like-button-wrap\"><a href=\"#\" class=\"custom-like-button no-liked\" data-post-id=\"3436\"><i class=\"font-icon icon-icon_heart\"><\/i><span>0<\/span><\/a><\/div><\/div><\/div><div class=\"element be-hoverlay not-wide no-wide-width-height  c_to_c style6-title\"style=\"margin-bottom: 30px;\" data-category-names = \"3d animace reklama \"><div class=\"element-inner\" style=\"margin-left: 30px;\"><a href=\"https:\/\/www.granima.cz\/?portfolio=listerine\" class=\" thumb-wrap   \" data-gdpr-atts={} title=\"THUMB_LISTERINE\" ><div class=\"flip-wrap\" ><div data-aspect-ratio=\"1\"  style = \"padding-bottom : 100%;background-color:rgba(144,19,254,1);\" class=\"flip-img-wrap zoom-in-effect\"><img decoding=\"async\" src=\"https:\/\/www.granima.cz\/wp-content\/uploads\/2014\/11\/THUMB_LISTERINE-650x650.png\" alt=\"\"\/><\/div><\/div><div class=\"thumb-overlay \"><div class=\"thumb-bg \" style=\"background:rgba(255,255,255,0.8)\"><div class=\"thumb-title-wrap \"><div class=\"thumb-title \" data-animation-type=\"flipInY\"style=\"color:#000000;text-align: center;\">Listerine<\/div><div class=\"portfolio-item-cats \" data-animation-type=\"flipInY\"style=\"color:#757575;text-align: center;\"><span>3D<\/span><span> &middot; <\/span><span>Animace<\/span><span> &middot; <\/span><span>Reklama<\/span><\/div><\/div><\/div><\/div><\/a><div class=\"portfolio-like like-button-wrap\"><a href=\"#\" class=\"custom-like-button no-liked\" data-post-id=\"3435\"><i class=\"font-icon icon-icon_heart\"><\/i><span>0<\/span><\/a><\/div><\/div><\/div><div class=\"element be-hoverlay not-wide no-wide-width-height  c_to_c style6-title\"style=\"margin-bottom: 30px;\" data-category-names = \"3d animace tisk \"><div class=\"element-inner\" style=\"margin-left: 30px;\"><a href=\"https:\/\/www.granima.cz\/?portfolio=autodrom\" class=\" thumb-wrap   \" data-gdpr-atts={} title=\"\" ><div class=\"flip-wrap\" ><div data-aspect-ratio=\"1\"  style = \"padding-bottom : 100%;background-color:rgba(144,19,254,1);\" class=\"flip-img-wrap zoom-in-effect\"><img decoding=\"async\" src=\"https:\/\/www.granima.cz\/wp-content\/uploads\/2023\/06\/THUMB_AUTODROM-650x650.png\" alt=\"\"\/><\/div><\/div><div class=\"thumb-overlay \"><div class=\"thumb-bg \" style=\"background:rgba(255,255,255,0.8)\"><div class=\"thumb-title-wrap \"><div class=\"thumb-title \" data-animation-type=\"flipInY\"style=\"color:#000000;text-align: center;\">Autodrom<\/div><div class=\"portfolio-item-cats \" data-animation-type=\"flipInY\"style=\"color:#757575;text-align: center;\"><span>3D<\/span><span> &middot; <\/span><span>Animace<\/span><span> &middot; <\/span><span>Tisk<\/span><\/div><\/div><\/div><\/div><\/a><div class=\"portfolio-like like-button-wrap\"><a href=\"#\" class=\"custom-like-button no-liked\" data-post-id=\"3429\"><i class=\"font-icon icon-icon_heart\"><\/i><span>2<\/span><\/a><\/div><\/div><\/div><div class=\"element be-hoverlay not-wide no-wide-width-height  c_to_c style6-title\"style=\"margin-bottom: 30px;\" data-category-names = \"3d animace reklama \"><div class=\"element-inner\" style=\"margin-left: 30px;\"><a href=\"https:\/\/www.granima.cz\/?portfolio=haribo\" class=\" thumb-wrap   \" data-gdpr-atts={} title=\"\" ><div class=\"flip-wrap\" ><div data-aspect-ratio=\"1\"  style = \"padding-bottom : 100%;background-color:rgba(144,19,254,1);\" class=\"flip-img-wrap zoom-in-effect\"><img decoding=\"async\" src=\"https:\/\/www.granima.cz\/wp-content\/uploads\/2023\/06\/THUMB_HARIBO-650x650.png\" alt=\"\"\/><\/div><\/div><div class=\"thumb-overlay \"><div class=\"thumb-bg \" style=\"background:rgba(255,255,255,0.8)\"><div class=\"thumb-title-wrap \"><div class=\"thumb-title \" data-animation-type=\"flipInY\"style=\"color:#000000;text-align: center;\">Haribo<\/div><div class=\"portfolio-item-cats \" data-animation-type=\"flipInY\"style=\"color:#757575;text-align: center;\"><span>3D<\/span><span> &middot; <\/span><span>Animace<\/span><span> &middot; <\/span><span>Reklama<\/span><\/div><\/div><\/div><\/div><\/a><div class=\"portfolio-like like-button-wrap\"><a href=\"#\" class=\"custom-like-button no-liked\" data-post-id=\"3427\"><i class=\"font-icon icon-icon_heart\"><\/i><span>2<\/span><\/a><\/div><\/div><\/div><div class=\"element be-hoverlay not-wide no-wide-width-height  c_to_c style6-title\"style=\"margin-bottom: 30px;\" data-category-names = \"animace \"><div class=\"element-inner\" style=\"margin-left: 30px;\"><a href=\"https:\/\/www.granima.cz\/?portfolio=maraton\" class=\" thumb-wrap   \" data-gdpr-atts={} title=\"\" ><div class=\"flip-wrap\" ><div data-aspect-ratio=\"1\"  style = \"padding-bottom : 100%;background-color:rgba(144,19,254,1);\" class=\"flip-img-wrap zoom-in-effect\"><img decoding=\"async\" src=\"https:\/\/www.granima.cz\/wp-content\/uploads\/2023\/06\/THUMB_PIM-650x650.png\" alt=\"\"\/><\/div><\/div><div class=\"thumb-overlay \"><div class=\"thumb-bg \" style=\"background:rgba(255,255,255,0.8)\"><div class=\"thumb-title-wrap \"><div class=\"thumb-title \" data-animation-type=\"flipInY\"style=\"color:#000000;text-align: center;\">Maraton<\/div><div class=\"portfolio-item-cats \" data-animation-type=\"flipInY\"style=\"color:#757575;text-align: center;\"><span>Animace<\/span><\/div><\/div><\/div><\/div><\/a><div class=\"portfolio-like like-button-wrap\"><a href=\"#\" class=\"custom-like-button no-liked\" data-post-id=\"3425\"><i class=\"font-icon icon-icon_heart\"><\/i><span>0<\/span><\/a><\/div><\/div><\/div><div class=\"element be-hoverlay not-wide no-wide-width-height  c_to_c style6-title\"style=\"margin-bottom: 30px;\" data-category-names = \"3d hudba postprodukce \"><div class=\"element-inner\" style=\"margin-left: 30px;\"><a href=\"https:\/\/www.granima.cz\/?portfolio=sia-sai\" class=\" thumb-wrap   \" data-gdpr-atts={} title=\"\" ><div class=\"flip-wrap\" ><div data-aspect-ratio=\"1\"  style = \"padding-bottom : 100%;background-color:rgba(144,19,254,1);\" class=\"flip-img-wrap zoom-in-effect\"><img decoding=\"async\" src=\"https:\/\/www.granima.cz\/wp-content\/uploads\/2023\/06\/THUMB_SIASAI-650x650.png\" alt=\"\"\/><\/div><\/div><div class=\"thumb-overlay \"><div class=\"thumb-bg \" style=\"background:rgba(255,255,255,0.8)\"><div class=\"thumb-title-wrap \"><div class=\"thumb-title \" data-animation-type=\"flipInY\"style=\"color:#000000;text-align: center;\">SIA SAI<\/div><div class=\"portfolio-item-cats \" data-animation-type=\"flipInY\"style=\"color:#757575;text-align: center;\"><span>3D<\/span><span> &middot; <\/span><span>Hudba<\/span><span> &middot; <\/span><span>Postprodukce<\/span><\/div><\/div><\/div><\/div><\/a><div class=\"portfolio-like like-button-wrap\"><a href=\"#\" class=\"custom-like-button no-liked\" data-post-id=\"3423\"><i class=\"font-icon icon-icon_heart\"><\/i><span>0<\/span><\/a><\/div><\/div><\/div><div class=\"element be-hoverlay not-wide no-wide-width-height  c_to_c style6-title\"style=\"margin-bottom: 30px;\" data-category-names = \"animace \"><div class=\"element-inner\" style=\"margin-left: 30px;\"><a href=\"https:\/\/www.granima.cz\/?portfolio=kufr-pro-kazdeho\" class=\" thumb-wrap   \" data-gdpr-atts={} title=\"\" ><div class=\"flip-wrap\" ><div data-aspect-ratio=\"1\"  style = \"padding-bottom : 100%;background-color:rgba(144,19,254,1);\" class=\"flip-img-wrap zoom-in-effect\"><img decoding=\"async\" src=\"https:\/\/www.granima.cz\/wp-content\/uploads\/2023\/06\/THUMB_TOYOTA_KUFR-650x650.png\" alt=\"\"\/><\/div><\/div><div class=\"thumb-overlay \"><div class=\"thumb-bg \" style=\"background:rgba(255,255,255,0.8)\"><div class=\"thumb-title-wrap \"><div class=\"thumb-title \" data-animation-type=\"flipInY\"style=\"color:#000000;text-align: center;\">Kufr pro ka\u017ed\u00e9ho<\/div><div class=\"portfolio-item-cats \" data-animation-type=\"flipInY\"style=\"color:#757575;text-align: center;\"><span>Animace<\/span><\/div><\/div><\/div><\/div><\/a><div class=\"portfolio-like like-button-wrap\"><a href=\"#\" class=\"custom-like-button no-liked\" data-post-id=\"3421\"><i class=\"font-icon icon-icon_heart\"><\/i><span>0<\/span><\/a><\/div><\/div><\/div><div class=\"element be-hoverlay not-wide no-wide-width-height  c_to_c style6-title\"style=\"margin-bottom: 30px;\" data-category-names = \"3d animace video \"><div class=\"element-inner\" style=\"margin-left: 30px;\"><a href=\"https:\/\/www.granima.cz\/?portfolio=vidar\" class=\" thumb-wrap   \" data-gdpr-atts={} title=\"\" ><div class=\"flip-wrap\" ><div data-aspect-ratio=\"1\"  style = \"padding-bottom : 100%;background-color:rgba(144,19,254,1);\" class=\"flip-img-wrap zoom-in-effect\"><img decoding=\"async\" src=\"https:\/\/www.granima.cz\/wp-content\/uploads\/2023\/06\/THUMB_VIDAR-650x650.png\" alt=\"\"\/><\/div><\/div><div class=\"thumb-overlay \"><div class=\"thumb-bg \" style=\"background:rgba(255,255,255,0.8)\"><div class=\"thumb-title-wrap \"><div class=\"thumb-title \" data-animation-type=\"flipInY\"style=\"color:#000000;text-align: center;\">Vidar<\/div><div class=\"portfolio-item-cats \" data-animation-type=\"flipInY\"style=\"color:#757575;text-align: center;\"><span>3D<\/span><span> &middot; <\/span><span>Animace<\/span><span> &middot; <\/span><span>Video<\/span><\/div><\/div><\/div><\/div><\/a><div class=\"portfolio-like like-button-wrap\"><a href=\"#\" class=\"custom-like-button no-liked\" data-post-id=\"3417\"><i class=\"font-icon icon-icon_heart\"><\/i><span>0<\/span><\/a><\/div><\/div><\/div><div class=\"element be-hoverlay not-wide no-wide-width-height  c_to_c style6-title\"style=\"margin-bottom: 30px;\" data-category-names = \"3d postprodukce \"><div class=\"element-inner\" style=\"margin-left: 30px;\"><a href=\"https:\/\/www.granima.cz\/?portfolio=bohdalin\" class=\" thumb-wrap   \" data-gdpr-atts={} title=\"\" ><div class=\"flip-wrap\" ><div data-aspect-ratio=\"1\"  style = \"padding-bottom : 100%;background-color:rgba(144,19,254,1);\" class=\"flip-img-wrap zoom-in-effect\"><img decoding=\"async\" src=\"https:\/\/www.granima.cz\/wp-content\/uploads\/2014\/11\/THUMB_BOHDALIN2-650x650.png\" alt=\"\"\/><\/div><\/div><div class=\"thumb-overlay \"><div class=\"thumb-bg \" style=\"background:rgba(255,255,255,0.8)\"><div class=\"thumb-title-wrap \"><div class=\"thumb-title \" data-animation-type=\"flipInY\"style=\"color:#000000;text-align: center;\">Bohdal\u00edn<\/div><div class=\"portfolio-item-cats \" data-animation-type=\"flipInY\"style=\"color:#757575;text-align: center;\"><span>3D<\/span><span> &middot; <\/span><span>Postprodukce<\/span><\/div><\/div><\/div><\/div><\/a><div class=\"portfolio-like like-button-wrap\"><a href=\"#\" class=\"custom-like-button no-liked\" data-post-id=\"3416\"><i class=\"font-icon icon-icon_heart\"><\/i><span>0<\/span><\/a><\/div><\/div><\/div><div class=\"element be-hoverlay not-wide no-wide-width-height  c_to_c style6-title\"style=\"margin-bottom: 30px;\" data-category-names = \"3d postprodukce \"><div class=\"element-inner\" style=\"margin-left: 30px;\"><a href=\"https:\/\/www.granima.cz\/?portfolio=podsychrovem\" class=\" thumb-wrap   \" data-gdpr-atts={} title=\"THUMB_PODSYCHROVEM2\" ><div class=\"flip-wrap\" ><div data-aspect-ratio=\"1\"  style = \"padding-bottom : 100%;background-color:rgba(144,19,254,1);\" class=\"flip-img-wrap zoom-in-effect\"><img decoding=\"async\" src=\"https:\/\/www.granima.cz\/wp-content\/uploads\/2014\/11\/THUMB_PODSYCHROVEM2-650x650.png\" alt=\"\"\/><\/div><\/div><div class=\"thumb-overlay \"><div class=\"thumb-bg \" style=\"background:rgba(255,255,255,0.8)\"><div class=\"thumb-title-wrap \"><div class=\"thumb-title \" data-animation-type=\"flipInY\"style=\"color:#000000;text-align: center;\">Pod Sychrovem<\/div><div class=\"portfolio-item-cats \" data-animation-type=\"flipInY\"style=\"color:#757575;text-align: center;\"><span>3D<\/span><span> &middot; <\/span><span>Postprodukce<\/span><\/div><\/div><\/div><\/div><\/a><div class=\"portfolio-like like-button-wrap\"><a href=\"#\" class=\"custom-like-button no-liked\" data-post-id=\"3246\"><i class=\"font-icon icon-icon_heart\"><\/i><span>0<\/span><\/a><\/div><\/div><\/div><div class=\"element be-hoverlay not-wide no-wide-width-height  c_to_c style6-title\"style=\"margin-bottom: 30px;\" data-category-names = \"3d animace postprodukce \"><div class=\"element-inner\" style=\"margin-left: 30px;\"><a href=\"https:\/\/www.granima.cz\/?portfolio=nadrevo\" class=\" thumb-wrap   \" data-gdpr-atts={} title=\"\" ><div class=\"flip-wrap\" ><div data-aspect-ratio=\"1\"  style = \"padding-bottom : 100%;background-color:rgba(144,19,254,1);\" class=\"flip-img-wrap zoom-in-effect\"><img decoding=\"async\" src=\"https:\/\/www.granima.cz\/wp-content\/uploads\/2014\/11\/NADREVOPODCAST_THUMB-650x650.jpg\" alt=\"\"\/><\/div><\/div><div class=\"thumb-overlay \"><div class=\"thumb-bg \" style=\"background:rgba(255,255,255,0.8)\"><div class=\"thumb-title-wrap \"><div class=\"thumb-title \" data-animation-type=\"flipInY\"style=\"color:#000000;text-align: center;\">Podcast Na D\u0159evo<\/div><div class=\"portfolio-item-cats \" data-animation-type=\"flipInY\"style=\"color:#757575;text-align: center;\"><span>3D<\/span><span> &middot; <\/span><span>Animace<\/span><span> &middot; <\/span><span>Postprodukce<\/span><\/div><\/div><\/div><\/div><\/a><div class=\"portfolio-like like-button-wrap\"><a href=\"#\" class=\"custom-like-button no-liked\" data-post-id=\"3245\"><i class=\"font-icon icon-icon_heart\"><\/i><span>1<\/span><\/a><\/div><\/div><\/div><div class=\"element be-hoverlay not-wide no-wide-width-height  c_to_c style6-title\"style=\"margin-bottom: 30px;\" data-category-names = \"3d animace \"><div class=\"element-inner\" style=\"margin-left: 30px;\"><a href=\"https:\/\/www.granima.cz\/?portfolio=emeldi\" class=\" thumb-wrap   \" data-gdpr-atts={} title=\"\" ><div class=\"flip-wrap\" ><div data-aspect-ratio=\"1\"  style = \"padding-bottom : 100%;background-color:rgba(144,19,254,1);\" class=\"flip-img-wrap zoom-in-effect\"><img decoding=\"async\" src=\"https:\/\/www.granima.cz\/wp-content\/uploads\/2014\/11\/THUMB_EMELDI-650x650.png\" alt=\"\"\/><\/div><\/div><div class=\"thumb-overlay \"><div class=\"thumb-bg \" style=\"background:rgba(255,255,255,0.8)\"><div class=\"thumb-title-wrap \"><div class=\"thumb-title \" data-animation-type=\"flipInY\"style=\"color:#000000;text-align: center;\">Emeldi<\/div><div class=\"portfolio-item-cats \" data-animation-type=\"flipInY\"style=\"color:#757575;text-align: center;\"><span>3D<\/span><span> &middot; <\/span><span>Animace<\/span><\/div><\/div><\/div><\/div><\/a><div class=\"portfolio-like like-button-wrap\"><a href=\"#\" class=\"custom-like-button no-liked\" data-post-id=\"3243\"><i class=\"font-icon icon-icon_heart\"><\/i><span>1<\/span><\/a><\/div><\/div><\/div><div class=\"element be-hoverlay not-wide no-wide-width-height  c_to_c style6-title\"style=\"margin-bottom: 30px;\" data-category-names = \"3d animace postprodukce \"><div class=\"element-inner\" style=\"margin-left: 30px;\"><a href=\"https:\/\/www.granima.cz\/?portfolio=vesper-homes\" class=\" thumb-wrap   \" data-gdpr-atts={} title=\"THUMB_VESPER\" ><div class=\"flip-wrap\" ><div data-aspect-ratio=\"1\"  style = \"padding-bottom : 100%;background-color:rgba(144,19,254,1);\" class=\"flip-img-wrap zoom-in-effect\"><img decoding=\"async\" src=\"https:\/\/www.granima.cz\/wp-content\/uploads\/2014\/04\/THUMB_VESPER-650x650.png\" alt=\"\"\/><\/div><\/div><div class=\"thumb-overlay \"><div class=\"thumb-bg \" style=\"background:rgba(255,255,255,0.8)\"><div class=\"thumb-title-wrap \"><div class=\"thumb-title \" data-animation-type=\"flipInY\"style=\"color:#000000;text-align: center;\">Vesper Homes<\/div><div class=\"portfolio-item-cats \" data-animation-type=\"flipInY\"style=\"color:#757575;text-align: center;\"><span>3D<\/span><span> &middot; <\/span><span>Animace<\/span><span> &middot; <\/span><span>Postprodukce<\/span><\/div><\/div><\/div><\/div><\/a><div class=\"portfolio-like like-button-wrap\"><a href=\"#\" class=\"custom-like-button no-liked\" data-post-id=\"2838\"><i class=\"font-icon icon-icon_heart\"><\/i><span>0<\/span><\/a><\/div><\/div><\/div><div class=\"element be-hoverlay not-wide no-wide-width-height  c_to_c style6-title\"style=\"margin-bottom: 30px;\" data-category-names = \"3d postprodukce \"><div class=\"element-inner\" style=\"margin-left: 30px;\"><a href=\"https:\/\/www.granima.cz\/?portfolio=cube\" class=\" thumb-wrap   \" data-gdpr-atts={} title=\"\" ><div class=\"flip-wrap\" ><div data-aspect-ratio=\"1\"  style = \"padding-bottom : 100%;background-color:rgba(144,19,254,1);\" class=\"flip-img-wrap zoom-in-effect\"><img decoding=\"async\" src=\"https:\/\/www.granima.cz\/wp-content\/uploads\/2014\/04\/THUMB_CUBE-1-650x650.png\" alt=\"\"\/><\/div><\/div><div class=\"thumb-overlay \"><div class=\"thumb-bg \" style=\"background:rgba(255,255,255,0.8)\"><div class=\"thumb-title-wrap \"><div class=\"thumb-title \" data-animation-type=\"flipInY\"style=\"color:#000000;text-align: center;\">Cube<\/div><div class=\"portfolio-item-cats \" data-animation-type=\"flipInY\"style=\"color:#757575;text-align: center;\"><span>3D<\/span><span> &middot; <\/span><span>Postprodukce<\/span><\/div><\/div><\/div><\/div><\/a><div class=\"portfolio-like like-button-wrap\"><a href=\"#\" class=\"custom-like-button no-liked\" data-post-id=\"2130\"><i class=\"font-icon icon-icon_heart\"><\/i><span>0<\/span><\/a><\/div><\/div><\/div><\/div><\/div><\/div><\/div><\/div><div class = \"tatsu-column-bg-image-wrap\"><div class = \"tatsu-column-bg-image\" ><\/div><\/div><\/div><style>.tatsu-row > .tatsu-fqox8cn7j29ovd6r.tatsu-column{width: 100%;}.tatsu-fqox8cn7j29ovd6r.tatsu-column > .tatsu-column-inner > .tatsu-column-overlay{mix-blend-mode: none;}.tatsu-fqox8cn7j29ovd6r > .tatsu-column-inner > .tatsu-top-divider{z-index: 9999;}.tatsu-fqox8cn7j29ovd6r > .tatsu-column-inner > .tatsu-bottom-divider{z-index: 9999;}.tatsu-fqox8cn7j29ovd6r > .tatsu-column-inner > .tatsu-left-divider{z-index: 9999;}.tatsu-fqox8cn7j29ovd6r > .tatsu-column-inner > .tatsu-right-divider{z-index: 9999;}<\/style><\/div><\/div><\/div><\/div><div class=\"tatsu-section-background-wrap\"><div class = \"tatsu-section-background\" ><\/div><\/div><style>.tatsu-fqox8cn7hy6erpfj{border-width: 0px 0px px 0px;border-style: solid;}.tatsu-fqox8cn7hy6erpfj .tatsu-section-pad{padding: 40px 0% 0px 0%;}.tatsu-fqox8cn7hy6erpfj > .tatsu-bottom-divider{z-index: 9999;}.tatsu-fqox8cn7hy6erpfj > .tatsu-top-divider{z-index: 9999;}<\/style><\/div>\n","protected":false},"excerpt":{"rendered":"<p><a href=\"https:\/\/www.granima.cz\/?portfolio=cube\" class=\"more-link style1-button\">Read More<\/a><\/p>","protected":false},"author":1,"featured_media":0,"parent":0,"menu_order":0,"comment_status":"open","ping_status":"closed","template":"","meta":{"inline_featured_image":false,"footnotes":""},"class_list":["post-2471","page","type-page","status-publish","hentry"],"_links":{"self":[{"href":"https:\/\/www.granima.cz\/index.php?rest_route=\/wp\/v2\/pages\/2471","targetHints":{"allow":["GET"]}}],"collection":[{"href":"https:\/\/www.granima.cz\/index.php?rest_route=\/wp\/v2\/pages"}],"about":[{"href":"https:\/\/www.granima.cz\/index.php?rest_route=\/wp\/v2\/types\/page"}],"author":[{"embeddable":true,"href":"https:\/\/www.granima.cz\/index.php?rest_route=\/wp\/v2\/users\/1"}],"replies":[{"embeddable":true,"href":"https:\/\/www.granima.cz\/index.php?rest_route=%2Fwp%2Fv2%2Fcomments&post=2471"}],"version-history":[{"count":31,"href":"https:\/\/www.granima.cz\/index.php?rest_route=\/wp\/v2\/pages\/2471\/revisions"}],"predecessor-version":[{"id":3440,"href":"https:\/\/www.granima.cz\/index.php?rest_route=\/wp\/v2\/pages\/2471\/revisions\/3440"}],"wp:attachment":[{"href":"https:\/\/www.granima.cz\/index.php?rest_route=%2Fwp%2Fv2%2Fmedia&parent=2471"}],"curies":[{"name":"wp","href":"https:\/\/api.w.org\/{rel}","templated":true}]}}